{"id":873,"date":"2021-05-27T12:22:58","date_gmt":"2021-05-27T11:22:58","guid":{"rendered":"https:\/\/kostaklinika.es\/?page_id=873"},"modified":"2021-05-27T12:32:55","modified_gmt":"2021-05-27T11:32:55","slug":"odontologia-pediatrikoa","status":"publish","type":"page","link":"https:\/\/kostaklinika.es\/eu\/odontologia-pediatrikoa\/","title":{"rendered":"Odontologia pediatrikoa"},"content":{"rendered":"<p>[et_pb_section fb_built=&#8221;1&#8243; next_background_color=&#8221;#ffffff&#8221; admin_label=&#8221;Hero&#8221; _builder_version=&#8221;4.5.1&#8243; use_background_color_gradient=&#8221;on&#8221; background_color_gradient_start=&#8221;#27A8E1&#8243; background_color_gradient_end=&#8221;rgba(128,103,79,0.5)&#8221; background_color_gradient_direction=&#8221;70deg&#8221; background_color_gradient_overlays_image=&#8221;on&#8221; background_image=&#8221;https:\/\/kostaklinika.es\/wp-content\/uploads\/2020\/07\/kosta-hortz-klinika-odontopediatria.jpg&#8221; custom_margin=&#8221;||3%|&#8221; custom_padding=&#8221;4vw||||false|false&#8221; bottom_divider_style=&#8221;mountains2&#8243; bottom_divider_height=&#8221;20vw&#8221; bottom_divider_repeat=&#8221;0.5x&#8221; bottom_divider_flip=&#8221;horizontal|vertical&#8221;][et_pb_row _builder_version=&#8221;4.5.1&#8243; custom_margin=&#8221;|||&#8221; custom_padding=&#8221;27px|0px|0|0px|false|false&#8221;][et_pb_column type=&#8221;4_4&#8243; _builder_version=&#8221;4.5.1&#8243; custom_padding=&#8221;|||&#8221; custom_padding__hover=&#8221;|||&#8221;][et_pb_blurb title=&#8221;Odontologia pediatrikoa&#8221; image=&#8221;https:\/\/kostaklinika.es\/wp-content\/uploads\/2020\/07\/odontopediatria-g.png&#8221; alt=&#8221;Odontopediatr\u00eda&#8221; icon_placement=&#8221;left&#8221; content_max_width=&#8221;100%&#8221; module_id=&#8221;titular_interior&#8221; _builder_version=&#8221;4.9.4&#8243; _module_preset=&#8221;default&#8221; header_font=&#8221;Open Sans||||||||&#8221; header_text_color=&#8221;#ffffff&#8221; header_font_size=&#8221;78px&#8221; hover_enabled=&#8221;0&#8243; custom_css_blurb_image=&#8221;width:80px;||margin-top:20px;&#8221; header_text_shadow_style=&#8221;preset3&#8243; locked=&#8221;off&#8221; sticky_enabled=&#8221;0&#8243;][\/et_pb_blurb][\/et_pb_column][\/et_pb_row][et_pb_row column_structure=&#8221;1_2,1_2&#8243; _builder_version=&#8221;4.5.1&#8243; custom_padding=&#8221;0px||27px||false|false&#8221;][et_pb_column type=&#8221;1_2&#8243; _builder_version=&#8221;4.5.1&#8243; custom_padding=&#8221;|||&#8221; custom_padding__hover=&#8221;|||&#8221;][et_pb_text _builder_version=&#8221;4.9.4&#8243; _module_preset=&#8221;default&#8221; text_font=&#8221;Open Sans||||||||&#8221; text_text_color=&#8221;#ffffff&#8221; text_font_size=&#8221;18px&#8221; text_line_height=&#8221;1.8em&#8221; custom_padding=&#8221;20px||||false|false&#8221;]Haurren hortzetako eta aurpegiko anomaliak aztertu eta tratatzen dituen espezialitatea da.<br \/>\nAdin goiztiarretan hortzetako arazoak antzematea garrantzitsua da, aho-hortzetako osasuna bermatzeko eta etorkizuneko arazoak saihesteko.[\/et_pb_text][\/et_pb_column][et_pb_column type=&#8221;1_2&#8243; _builder_version=&#8221;3.25&#8243; custom_padding=&#8221;|||&#8221; custom_padding__hover=&#8221;|||&#8221;][et_pb_text _builder_version=&#8221;4.9.4&#8243; _module_preset=&#8221;default&#8221; text_font=&#8221;Open Sans||||||||&#8221; text_text_color=&#8221;#ffffff&#8221; text_font_size=&#8221;18px&#8221; text_line_height=&#8221;1.8em&#8221; custom_padding=&#8221;20px||||false|false&#8221;]Komenigarria da txantxarra berrikustea eta garaiz tratatzea, behin betiko hortzaren posizioan eragina izan dezaketen esnezko hortzen galerak saihesteko.[\/et_pb_text][\/et_pb_column][\/et_pb_row][et_pb_row _builder_version=&#8221;3.25&#8243; custom_padding=&#8221;0|0px|27px|0px|false|false&#8221;][et_pb_column type=&#8221;4_4&#8243; _builder_version=&#8221;3.25&#8243; custom_padding=&#8221;|||&#8221; custom_padding__hover=&#8221;|||&#8221;][et_pb_text _builder_version=&#8221;4.9.4&#8243; _module_preset=&#8221;default&#8221; text_font=&#8221;Open Sans||||||||&#8221; text_text_color=&#8221;#ffffff&#8221; text_font_size=&#8221;18px&#8221; text_line_height=&#8221;1.8em&#8221; custom_padding=&#8221;20px||||false|false&#8221;]Era berean, oso garrantzitsua da aho-ohitura kaltegarriak adin txikietan hautematea. Esate baterako; txupetearen edo biberoiaren erabilera luzea, hurrupaketa digitala, aho-arnasketa lo egitean eta irensketa atipikoa.[\/et_pb_text][\/et_pb_column][\/et_pb_row][et_pb_row _builder_version=&#8221;3.25&#8243; custom_padding=&#8221;0|0px|27px|0px|false|false&#8221;][et_pb_column type=&#8221;4_4&#8243; _builder_version=&#8221;3.25&#8243; custom_padding=&#8221;|||&#8221; custom_padding__hover=&#8221;|||&#8221;][et_pb_image src=&#8221;https:\/\/kostaklinika.es\/wp-content\/uploads\/2020\/07\/kosta-hortz-klinika-odontopediatria.jpg&#8221; alt=&#8221;Odontopediatr\u00eda&#8221; title_text=&#8221;Odontopediatr\u00eda&#8221; disabled_on=&#8221;off|on|on&#8221; _builder_version=&#8221;4.5.1&#8243; _module_preset=&#8221;default&#8221;][\/et_pb_image][\/et_pb_column][\/et_pb_row][et_pb_row use_custom_gutter=&#8221;on&#8221; gutter_width=&#8221;1&#8243; disabled_on=&#8221;on|off|off&#8221; module_class=&#8221; et_pb_row_fullwidth&#8221; _builder_version=&#8221;3.25&#8243; width=&#8221;100%&#8221; width_tablet=&#8221;100%&#8221; width_phone=&#8221;&#8221; width_last_edited=&#8221;on|desktop&#8221; max_width=&#8221;100%&#8221; max_width_tablet=&#8221;100%&#8221; max_width_phone=&#8221;&#8221; max_width_last_edited=&#8221;on|desktop&#8221; make_fullwidth=&#8221;on&#8221; locked=&#8221;off&#8221;][et_pb_column type=&#8221;4_4&#8243; _builder_version=&#8221;3.25&#8243; custom_padding=&#8221;|||&#8221; custom_padding__hover=&#8221;|||&#8221;][et_pb_text _builder_version=&#8221;4.9.4&#8243; text_font=&#8221;Josefin Sans|700||on|||||&#8221; text_text_color=&#8221;rgba(255,255,255,0.2)&#8221; text_font_size=&#8221;9vw&#8221; text_line_height=&#8221;1em&#8221; quote_font=&#8221;||||||||&#8221; header_font=&#8221;||||||||&#8221; custom_margin=&#8221;||-0.4em|&#8221; custom_padding=&#8221;|||&#8221; filter_blur=&#8221;7px&#8221; animation_style=&#8221;slide&#8221; animation_direction=&#8221;right&#8221; animation_duration=&#8221;10000ms&#8221; animation_intensity_slide=&#8221;10%&#8221; animation_starting_opacity=&#8221;40%&#8221; animation_speed_curve=&#8221;linear&#8221; text_font_size_tablet=&#8221;124px&#8221; text_font_size_phone=&#8221;90px&#8221; text_font_size_last_edited=&#8221;off|desktop&#8221;]Odontologia pediatrikoa[\/et_pb_text][\/et_pb_column][\/et_pb_row][\/et_pb_section]<\/p>\n","protected":false},"excerpt":{"rendered":"<p>Haurren hortzetako eta aurpegiko anomaliak aztertu eta tratatzen dituen espezialitatea da. Adin goiztiarretan hortzetako arazoak antzematea garrantzitsua da, aho-hortzetako osasuna bermatzeko eta etorkizuneko arazoak saihesteko.Komenigarria da txantxarra berrikustea eta garaiz tratatzea, behin betiko hortzaren posizioan eragina izan dezaketen esnezko hortzen galerak saihesteko.Era berean, oso garrantzitsua da aho-ohitura kaltegarriak adin txikietan hautematea. Esate baterako; txupetearen edo [&hellip;]<\/p>\n","protected":false},"author":1,"featured_media":0,"parent":0,"menu_order":0,"comment_status":"closed","ping_status":"closed","template":"","meta":{"_et_pb_use_builder":"on","_et_pb_old_content":"[et_pb_section fb_built=\"1\" next_background_color=\"#ffffff\" admin_label=\"Hero\" _builder_version=\"4.5.1\" use_background_color_gradient=\"on\" background_color_gradient_start=\"#27A8E1\" background_color_gradient_end=\"rgba(128,103,79,0.5)\" background_color_gradient_direction=\"70deg\" background_color_gradient_overlays_image=\"on\" background_image=\"https:\/\/kostaklinika.es\/wp-content\/uploads\/2020\/07\/kosta-hortz-klinika-odontopediatria.jpg\" custom_margin=\"||3%|\" custom_padding=\"4vw||||false|false\" bottom_divider_style=\"mountains2\" bottom_divider_height=\"20vw\" bottom_divider_repeat=\"0.5x\" bottom_divider_flip=\"horizontal|vertical\" hover_enabled=\"0\"][et_pb_row _builder_version=\"4.5.1\" custom_margin=\"|||\" custom_padding=\"27px|0px|0|0px|false|false\"][et_pb_column type=\"4_4\" _builder_version=\"4.5.1\" custom_padding=\"|||\" custom_padding__hover=\"|||\"][et_pb_blurb title=\"Odontopediatr\u00eda\" image=\"https:\/\/kostaklinika.es\/wp-content\/uploads\/2020\/07\/odontopediatria-g.png\" alt=\"Odontopediatr\u00eda\" icon_placement=\"left\" content_max_width=\"100%\" module_id=\"titular_interior\" _builder_version=\"4.5.1\" _module_preset=\"default\" header_font=\"Open Sans||||||||\" header_text_color=\"#ffffff\" header_font_size=\"80px\" custom_css_blurb_image=\"width:80px;||margin-top:20px;\" header_text_shadow_style=\"preset3\" locked=\"off\"][\/et_pb_blurb][\/et_pb_column][\/et_pb_row][et_pb_row column_structure=\"1_2,1_2\" _builder_version=\"4.5.1\" custom_padding=\"0px||27px||false|false\"][et_pb_column type=\"1_2\" _builder_version=\"4.5.1\" custom_padding=\"|||\" custom_padding__hover=\"|||\"][et_pb_text _builder_version=\"4.5.1\" _module_preset=\"default\" text_font=\"Open Sans||||||||\" text_text_color=\"#ffffff\" text_font_size=\"18px\" text_line_height=\"1.8em\" custom_padding=\"20px||||false|false\"]<p>Es la especialidad en donde se examina y se trata posibles anomal\u00edas dentofaciales de los ni\u00f1os.\u00a0<span style=\"font-size: 18px;\">Es importante la detecci\u00f3n de problemas dentales en edades tempranas para asegurar su salud bucodental y prevenir problemas futuros.<\/span><\/p>[\/et_pb_text][\/et_pb_column][et_pb_column type=\"1_2\" _builder_version=\"3.25\" custom_padding=\"|||\" custom_padding__hover=\"|||\"][et_pb_text _builder_version=\"4.5.1\" _module_preset=\"default\" text_font=\"Open Sans||||||||\" text_text_color=\"#ffffff\" text_font_size=\"18px\" text_line_height=\"1.8em\" custom_padding=\"20px||||false|false\"]<p>Es conveniente examinar posibles caries para evitar p\u00e9rdidas de piezas dentales temporales que puedan afectar a la posici\u00f3n de los definitivos.<\/p>[\/et_pb_text][\/et_pb_column][\/et_pb_row][et_pb_row _builder_version=\"3.25\" custom_padding=\"0|0px|27px|0px|false|false\"][et_pb_column type=\"4_4\" _builder_version=\"3.25\" custom_padding=\"|||\" custom_padding__hover=\"|||\"][et_pb_text _builder_version=\"4.5.1\" _module_preset=\"default\" text_font=\"Open Sans||||||||\" text_text_color=\"#ffffff\" text_font_size=\"18px\" text_line_height=\"1.8em\" custom_padding=\"20px||||false|false\"]<p>Igual de importante es detectar h\u00e1bitos bucales perjudiciales a edades tempranas.\u00a0Como puede ser; succi\u00f3n digital, el uso prolongado de chupete o biber\u00f3n, la respiraci\u00f3n bucal al dormir y degluci\u00f3n at\u00edpica.<\/p>[\/et_pb_text][\/et_pb_column][\/et_pb_row][et_pb_row _builder_version=\"3.25\" custom_padding=\"0|0px|27px|0px|false|false\"][et_pb_column type=\"4_4\" _builder_version=\"3.25\" custom_padding=\"|||\" custom_padding__hover=\"|||\"][et_pb_image src=\"https:\/\/kostaklinika.es\/wp-content\/uploads\/2020\/07\/kosta-hortz-klinika-odontopediatria.jpg\" alt=\"Odontopediatr\u00eda\" title_text=\"Odontopediatr\u00eda\" disabled_on=\"off|on|on\" _builder_version=\"4.5.1\" _module_preset=\"default\"][\/et_pb_image][\/et_pb_column][\/et_pb_row][et_pb_row use_custom_gutter=\"on\" gutter_width=\"1\" disabled_on=\"on|off|off\" module_class=\" et_pb_row_fullwidth\" _builder_version=\"3.25\" width=\"100%\" width_tablet=\"100%\" width_phone=\"\" width_last_edited=\"on|desktop\" max_width=\"100%\" max_width_tablet=\"100%\" max_width_phone=\"\" max_width_last_edited=\"on|desktop\" make_fullwidth=\"on\" locked=\"off\"][et_pb_column type=\"4_4\" _builder_version=\"3.25\" custom_padding=\"|||\" custom_padding__hover=\"|||\"][et_pb_text _builder_version=\"4.5.1\" text_font=\"Josefin Sans|700||on|||||\" text_text_color=\"rgba(255,255,255,0.2)\" text_font_size=\"9vw\" text_line_height=\"1em\" quote_font=\"||||||||\" header_font=\"||||||||\" custom_margin=\"||-0.4em|\" custom_padding=\"|||\" filter_blur=\"7px\" animation_style=\"slide\" animation_direction=\"right\" animation_duration=\"10000ms\" animation_intensity_slide=\"10%\" animation_starting_opacity=\"40%\" animation_speed_curve=\"linear\" text_font_size_tablet=\"124px\" text_font_size_phone=\"90px\" text_font_size_last_edited=\"off|desktop\"]<p>Odontopediatr\u00eda<\/p>[\/et_pb_text][\/et_pb_column][\/et_pb_row][\/et_pb_section]","_et_gb_content_width":"","inline_featured_image":false,"footnotes":""},"yoast_head":"<!-- This site is optimized with the Yoast SEO plugin v22.7 - https:\/\/yoast.com\/wordpress\/plugins\/seo\/ -->\n<title>Odontologia pediatrikoa - Kosta Hortz Klinika<\/title>\n<meta name=\"robots\" content=\"index, follow, max-snippet:-1, max-image-preview:large, max-video-preview:-1\" \/>\n<link rel=\"canonical\" href=\"https:\/\/kostaklinika.es\/odontopediatria\/\" \/>\n<meta property=\"og:locale\" content=\"eu_ES\" \/>\n<meta property=\"og:type\" content=\"article\" \/>\n<meta property=\"og:title\" content=\"Odontologia pediatrikoa - Kosta Hortz Klinika\" \/>\n<meta property=\"og:description\" content=\"Haurren hortzetako eta aurpegiko anomaliak aztertu eta tratatzen dituen espezialitatea da. Adin goiztiarretan hortzetako arazoak antzematea garrantzitsua da, aho-hortzetako osasuna bermatzeko eta etorkizuneko arazoak saihesteko.Komenigarria da txantxarra berrikustea eta garaiz tratatzea, behin betiko hortzaren posizioan eragina izan dezaketen esnezko hortzen galerak saihesteko.Era berean, oso garrantzitsua da aho-ohitura kaltegarriak adin txikietan hautematea. Esate baterako; txupetearen edo [&hellip;]\" \/>\n<meta property=\"og:url\" content=\"https:\/\/kostaklinika.es\/odontopediatria\/\" \/>\n<meta property=\"og:site_name\" content=\"Kosta Hortz Klinika\" \/>\n<meta property=\"article:modified_time\" content=\"2021-05-27T11:32:55+00:00\" \/>\n<meta name=\"twitter:card\" content=\"summary_large_image\" \/>\n<meta name=\"twitter:label1\" content=\"Est. reading time\" \/>\n\t<meta name=\"twitter:data1\" content=\"3 minutes\" \/>\n<script type=\"application\/ld+json\" class=\"yoast-schema-graph\">{\"@context\":\"https:\/\/schema.org\",\"@graph\":[{\"@type\":\"WebPage\",\"@id\":\"https:\/\/kostaklinika.es\/odontopediatria\/\",\"url\":\"https:\/\/kostaklinika.es\/odontopediatria\/\",\"name\":\"Odontologia pediatrikoa - Kosta Hortz Klinika\",\"isPartOf\":{\"@id\":\"https:\/\/kostaklinika.es\/#website\"},\"datePublished\":\"2021-05-27T11:22:58+00:00\",\"dateModified\":\"2021-05-27T11:32:55+00:00\",\"breadcrumb\":{\"@id\":\"https:\/\/kostaklinika.es\/odontopediatria\/#breadcrumb\"},\"inLanguage\":\"eu-ES\",\"potentialAction\":[{\"@type\":\"ReadAction\",\"target\":[\"https:\/\/kostaklinika.es\/odontopediatria\/\"]}]},{\"@type\":\"BreadcrumbList\",\"@id\":\"https:\/\/kostaklinika.es\/odontopediatria\/#breadcrumb\",\"itemListElement\":[{\"@type\":\"ListItem\",\"position\":1,\"name\":\"Portada\",\"item\":\"https:\/\/kostaklinika.es\/\"},{\"@type\":\"ListItem\",\"position\":2,\"name\":\"Odontologia pediatrikoa\"}]},{\"@type\":\"WebSite\",\"@id\":\"https:\/\/kostaklinika.es\/#website\",\"url\":\"https:\/\/kostaklinika.es\/\",\"name\":\"Kosta Hortz Klinika\",\"description\":\"Cl\u00ednica dental\",\"potentialAction\":[{\"@type\":\"SearchAction\",\"target\":{\"@type\":\"EntryPoint\",\"urlTemplate\":\"https:\/\/kostaklinika.es\/?s={search_term_string}\"},\"query-input\":\"required name=search_term_string\"}],\"inLanguage\":\"eu-ES\"}]}<\/script>\n<!-- \/ Yoast SEO plugin. -->","yoast_head_json":{"title":"Odontologia pediatrikoa - Kosta Hortz Klinika","robots":{"index":"index","follow":"follow","max-snippet":"max-snippet:-1","max-image-preview":"max-image-preview:large","max-video-preview":"max-video-preview:-1"},"canonical":"https:\/\/kostaklinika.es\/odontopediatria\/","og_locale":"eu_ES","og_type":"article","og_title":"Odontologia pediatrikoa - Kosta Hortz Klinika","og_description":"Haurren hortzetako eta aurpegiko anomaliak aztertu eta tratatzen dituen espezialitatea da. Adin goiztiarretan hortzetako arazoak antzematea garrantzitsua da, aho-hortzetako osasuna bermatzeko eta etorkizuneko arazoak saihesteko.Komenigarria da txantxarra berrikustea eta garaiz tratatzea, behin betiko hortzaren posizioan eragina izan dezaketen esnezko hortzen galerak saihesteko.Era berean, oso garrantzitsua da aho-ohitura kaltegarriak adin txikietan hautematea. Esate baterako; txupetearen edo [&hellip;]","og_url":"https:\/\/kostaklinika.es\/odontopediatria\/","og_site_name":"Kosta Hortz Klinika","article_modified_time":"2021-05-27T11:32:55+00:00","twitter_card":"summary_large_image","twitter_misc":{"Est. reading time":"3 minutes"},"schema":{"@context":"https:\/\/schema.org","@graph":[{"@type":"WebPage","@id":"https:\/\/kostaklinika.es\/odontopediatria\/","url":"https:\/\/kostaklinika.es\/odontopediatria\/","name":"Odontologia pediatrikoa - Kosta Hortz Klinika","isPartOf":{"@id":"https:\/\/kostaklinika.es\/#website"},"datePublished":"2021-05-27T11:22:58+00:00","dateModified":"2021-05-27T11:32:55+00:00","breadcrumb":{"@id":"https:\/\/kostaklinika.es\/odontopediatria\/#breadcrumb"},"inLanguage":"eu-ES","potentialAction":[{"@type":"ReadAction","target":["https:\/\/kostaklinika.es\/odontopediatria\/"]}]},{"@type":"BreadcrumbList","@id":"https:\/\/kostaklinika.es\/odontopediatria\/#breadcrumb","itemListElement":[{"@type":"ListItem","position":1,"name":"Portada","item":"https:\/\/kostaklinika.es\/"},{"@type":"ListItem","position":2,"name":"Odontologia pediatrikoa"}]},{"@type":"WebSite","@id":"https:\/\/kostaklinika.es\/#website","url":"https:\/\/kostaklinika.es\/","name":"Kosta Hortz Klinika","description":"Cl\u00ednica dental","potentialAction":[{"@type":"SearchAction","target":{"@type":"EntryPoint","urlTemplate":"https:\/\/kostaklinika.es\/?s={search_term_string}"},"query-input":"required name=search_term_string"}],"inLanguage":"eu-ES"}]}},"_links":{"self":[{"href":"https:\/\/kostaklinika.es\/eu\/wp-json\/wp\/v2\/pages\/873"}],"collection":[{"href":"https:\/\/kostaklinika.es\/eu\/wp-json\/wp\/v2\/pages"}],"about":[{"href":"https:\/\/kostaklinika.es\/eu\/wp-json\/wp\/v2\/types\/page"}],"author":[{"embeddable":true,"href":"https:\/\/kostaklinika.es\/eu\/wp-json\/wp\/v2\/users\/1"}],"replies":[{"embeddable":true,"href":"https:\/\/kostaklinika.es\/eu\/wp-json\/wp\/v2\/comments?post=873"}],"version-history":[{"count":4,"href":"https:\/\/kostaklinika.es\/eu\/wp-json\/wp\/v2\/pages\/873\/revisions"}],"predecessor-version":[{"id":880,"href":"https:\/\/kostaklinika.es\/eu\/wp-json\/wp\/v2\/pages\/873\/revisions\/880"}],"wp:attachment":[{"href":"https:\/\/kostaklinika.es\/eu\/wp-json\/wp\/v2\/media?parent=873"}],"curies":[{"name":"wp","href":"https:\/\/api.w.org\/{rel}","templated":true}]}}