{"id":864,"date":"2021-05-27T12:10:29","date_gmt":"2021-05-27T11:10:29","guid":{"rendered":"https:\/\/kostaklinika.es\/?page_id=864"},"modified":"2021-05-27T12:10:36","modified_gmt":"2021-05-27T11:10:36","slug":"inplantologia","status":"publish","type":"page","link":"https:\/\/kostaklinika.es\/eu\/inplantologia\/","title":{"rendered":"Inplantologia"},"content":{"rendered":"<p>[et_pb_section fb_built=&#8221;1&#8243; next_background_color=&#8221;#ffffff&#8221; admin_label=&#8221;Hero&#8221; _builder_version=&#8221;4.5.1&#8243; use_background_color_gradient=&#8221;on&#8221; background_color_gradient_start=&#8221;#27A8E1&#8243; background_color_gradient_end=&#8221;rgba(128,103,79,0.5)&#8221; background_color_gradient_direction=&#8221;70deg&#8221; background_color_gradient_overlays_image=&#8221;on&#8221; background_image=&#8221;https:\/\/kostaklinika.es\/wp-content\/uploads\/2020\/07\/kosta-hortz-klinika-implantologia.jpg&#8221; custom_margin=&#8221;||3%|&#8221; custom_padding=&#8221;4vw||||false|false&#8221; bottom_divider_style=&#8221;mountains2&#8243; bottom_divider_height=&#8221;20vw&#8221; bottom_divider_repeat=&#8221;0.5x&#8221; bottom_divider_flip=&#8221;horizontal|vertical&#8221;][et_pb_row _builder_version=&#8221;4.5.1&#8243; custom_margin=&#8221;|||&#8221; custom_padding=&#8221;27px|0px|0|0px|false|false&#8221;][et_pb_column type=&#8221;4_4&#8243; _builder_version=&#8221;4.5.1&#8243; custom_padding=&#8221;|||&#8221; custom_padding__hover=&#8221;|||&#8221;][et_pb_blurb title=&#8221;Inplantologia&#8221; image=&#8221;https:\/\/kostaklinika.es\/wp-content\/uploads\/2020\/07\/implantologia-g.png&#8221; alt=&#8221;Implantolog\u00eda&#8221; icon_placement=&#8221;left&#8221; content_max_width=&#8221;100%&#8221; module_id=&#8221;titular_interior&#8221; _builder_version=&#8221;4.9.4&#8243; _module_preset=&#8221;default&#8221; header_text_color=&#8221;#ffffff&#8221; header_font_size=&#8221;80px&#8221; custom_css_blurb_image=&#8221;width:80px;||margin-top:20px;&#8221; header_text_shadow_style=&#8221;preset3&#8243; locked=&#8221;off&#8221;][\/et_pb_blurb][\/et_pb_column][\/et_pb_row][et_pb_row column_structure=&#8221;1_2,1_2&#8243; _builder_version=&#8221;3.25&#8243; custom_padding=&#8221;0|0px|27px|0px|false|false&#8221;][et_pb_column type=&#8221;1_2&#8243; _builder_version=&#8221;3.25&#8243; custom_padding=&#8221;|||&#8221; custom_padding__hover=&#8221;|||&#8221;][et_pb_text _builder_version=&#8221;4.9.4&#8243; _module_preset=&#8221;default&#8221; text_font=&#8221;Open Sans||||||||&#8221; text_text_color=&#8221;#ffffff&#8221; text_font_size=&#8221;18px&#8221; text_line_height=&#8221;1.8em&#8221; custom_padding=&#8221;20px||||false|false&#8221; hover_enabled=&#8221;0&#8243; sticky_enabled=&#8221;0&#8243;]Hortz inplanteek gaixoari funtzionalitate mastikatzailea eta estetikoa berreskuratzea ahalbidetzen diote, bizi kalitatea eta, oro har, osasun orokorra hobetuz. Material bio-bateragarriak diren finkapenak dira, hezurrarekin lotuta dauden torloju baten antzekoak, falta den hortzaren sustraia ordezkatuz. Horien gainean finkatuko dira falta den pieza edo piezak ordezkatuko dituzten koroak, zubiak edo beste hortz protesiak.<\/p>\n<p>Hortz inplantologia etengabe eboluzionatzen ari da, teknikak gero eta azkarragoak eta ez hain inbaditzaileak dira. Azken belaunaldiko aparatologia erabiliz, esaterako 3D kirurgia nabigatua kasu, ebazkuntza txiki baten bidez inplanteak jar ditzakegu punturik jarri beharrik gabe eta zehaztasun osoz.[\/et_pb_text][\/et_pb_column][et_pb_column type=&#8221;1_2&#8243; _builder_version=&#8221;3.25&#8243; custom_padding=&#8221;|||&#8221; custom_padding__hover=&#8221;|||&#8221;][et_pb_image src=&#8221;https:\/\/kostaklinika.es\/wp-content\/uploads\/2020\/07\/kosta-hortz-klinika-implantologia-contenido.jpg&#8221; alt=&#8221;Implantolog\u00eda&#8221; title_text=&#8221;Implantolog\u00eda&#8221; _builder_version=&#8221;4.5.1&#8243; _module_preset=&#8221;default&#8221; custom_padding=&#8221;20px||||false|false&#8221;][\/et_pb_image][\/et_pb_column][\/et_pb_row][et_pb_row _builder_version=&#8221;4.5.1&#8243; _module_preset=&#8221;default&#8221;][et_pb_column type=&#8221;4_4&#8243; _builder_version=&#8221;4.5.1&#8243; _module_preset=&#8221;default&#8221;][et_pb_code _builder_version=&#8221;4.9.4&#8243; _module_preset=&#8221;default&#8221; hover_enabled=&#8221;0&#8243; sticky_enabled=&#8221;0&#8243;]<iframe loading=\"lazy\" width=\"100%\" height=\"450\" src=\"https:\/\/www.youtube.com\/embed\/o_Rc3HYQbBI\" frameborder=\"0\" allow=\"accelerometer; autoplay; encrypted-media; gyroscope; picture-in-picture\" allowfullscreen><\/iframe>[\/et_pb_code][\/et_pb_column][\/et_pb_row][et_pb_row use_custom_gutter=&#8221;on&#8221; gutter_width=&#8221;1&#8243; disabled_on=&#8221;on|off|off&#8221; module_class=&#8221; et_pb_row_fullwidth&#8221; _builder_version=&#8221;3.25&#8243; width=&#8221;100%&#8221; width_tablet=&#8221;100%&#8221; width_phone=&#8221;&#8221; width_last_edited=&#8221;on|desktop&#8221; max_width=&#8221;100%&#8221; max_width_tablet=&#8221;100%&#8221; max_width_phone=&#8221;&#8221; max_width_last_edited=&#8221;on|desktop&#8221; make_fullwidth=&#8221;on&#8221; locked=&#8221;off&#8221;][et_pb_column type=&#8221;4_4&#8243; _builder_version=&#8221;3.25&#8243; custom_padding=&#8221;|||&#8221; custom_padding__hover=&#8221;|||&#8221;][et_pb_text _builder_version=&#8221;4.9.4&#8243; text_font=&#8221;Josefin Sans|700||on|||||&#8221; text_text_color=&#8221;rgba(255,255,255,0.2)&#8221; text_font_size=&#8221;9vw&#8221; text_line_height=&#8221;1em&#8221; quote_font=&#8221;||||||||&#8221; header_font=&#8221;||||||||&#8221; custom_margin=&#8221;||-0.4em|&#8221; custom_padding=&#8221;|||&#8221; filter_blur=&#8221;7px&#8221; animation_style=&#8221;slide&#8221; animation_direction=&#8221;right&#8221; animation_duration=&#8221;10000ms&#8221; animation_intensity_slide=&#8221;10%&#8221; animation_starting_opacity=&#8221;40%&#8221; animation_speed_curve=&#8221;linear&#8221; text_font_size_tablet=&#8221;124px&#8221; text_font_size_phone=&#8221;90px&#8221; text_font_size_last_edited=&#8221;off|desktop&#8221;]Inplantologia[\/et_pb_text][\/et_pb_column][\/et_pb_row][\/et_pb_section]<\/p>\n","protected":false},"excerpt":{"rendered":"<p>Hortz inplanteek gaixoari funtzionalitate mastikatzailea eta estetikoa berreskuratzea ahalbidetzen diote, bizi kalitatea eta, oro har, osasun orokorra hobetuz. Material bio-bateragarriak diren finkapenak dira, hezurrarekin lotuta dauden torloju baten antzekoak, falta den hortzaren sustraia ordezkatuz. Horien gainean finkatuko dira falta den pieza edo piezak ordezkatuko dituzten koroak, zubiak edo beste hortz protesiak. Hortz inplantologia etengabe eboluzionatzen [&hellip;]<\/p>\n","protected":false},"author":1,"featured_media":0,"parent":0,"menu_order":0,"comment_status":"closed","ping_status":"closed","template":"","meta":{"_et_pb_use_builder":"on","_et_pb_old_content":"[et_pb_section fb_built=\"1\" next_background_color=\"#ffffff\" admin_label=\"Hero\" _builder_version=\"4.5.1\" use_background_color_gradient=\"on\" background_color_gradient_start=\"#27A8E1\" background_color_gradient_end=\"rgba(128,103,79,0.5)\" background_color_gradient_direction=\"70deg\" background_color_gradient_overlays_image=\"on\" background_image=\"https:\/\/kostaklinika.es\/wp-content\/uploads\/2020\/07\/kosta-hortz-klinika-implantologia.jpg\" custom_margin=\"||3%|\" custom_padding=\"4vw||||false|false\" bottom_divider_style=\"mountains2\" bottom_divider_height=\"20vw\" bottom_divider_repeat=\"0.5x\" bottom_divider_flip=\"horizontal|vertical\"][et_pb_row _builder_version=\"4.5.1\" custom_margin=\"|||\" custom_padding=\"27px|0px|0|0px|false|false\"][et_pb_column type=\"4_4\" _builder_version=\"4.5.1\" custom_padding=\"|||\" custom_padding__hover=\"|||\"][et_pb_blurb title=\"Implantolog\u00eda\" image=\"https:\/\/kostaklinika.es\/wp-content\/uploads\/2020\/07\/implantologia-g.png\" alt=\"Implantolog\u00eda\" icon_placement=\"left\" content_max_width=\"100%\" module_id=\"titular_interior\" _builder_version=\"4.5.1\" _module_preset=\"default\" header_text_color=\"#ffffff\" header_font_size=\"80px\" hover_enabled=\"0\" custom_css_blurb_image=\"width:80px;||margin-top:20px;\" header_text_shadow_style=\"preset3\" locked=\"off\" title_text=\"Implantolog\u00eda\"][\/et_pb_blurb][\/et_pb_column][\/et_pb_row][et_pb_row column_structure=\"1_2,1_2\" _builder_version=\"3.25\" custom_padding=\"0|0px|27px|0px|false|false\"][et_pb_column type=\"1_2\" _builder_version=\"3.25\" custom_padding=\"|||\" custom_padding__hover=\"|||\"][et_pb_text _builder_version=\"4.5.1\" _module_preset=\"default\" text_font=\"Open Sans||||||||\" text_text_color=\"#ffffff\" text_font_size=\"18px\" text_line_height=\"1.8em\" custom_padding=\"20px||||false|false\"]<p>Los implantes dentales permiten al paciente recuperar la funcionalidad masticatoria y est\u00e9tica, mejorando la calidad de vida y salud en general. S on fijaciones de materiales biocompatibles, similares a un tornillo que se unen al hueso, sustituyendo a la ra\u00edz del diente ausente. Sobre estos se fijar\u00e1n las coronas, puentes u otras pr\u00f3tesis dentales que sustituir\u00e1n a la pieza o piezas que faltan.<\/p>\r\n<p>La implantolog\u00eda dental est\u00e1 en constante evoluci\u00f3n, las t\u00e9cnicas son cada vez m\u00e1s r\u00e1pidas y menos invasivas. Usando aparatolog\u00eda de \u00faltima generaci\u00f3n, como la cirug\u00eda<br \/>navegada 3D, podemos colocar implantes con mucha precisi\u00f3n, m\u00ednimamente invasivos y sin necesidad de utilizar sutura.<\/p>[\/et_pb_text][\/et_pb_column][et_pb_column type=\"1_2\" _builder_version=\"3.25\" custom_padding=\"|||\" custom_padding__hover=\"|||\"][et_pb_image src=\"https:\/\/kostaklinika.es\/wp-content\/uploads\/2020\/07\/kosta-hortz-klinika-implantologia-contenido.jpg\" alt=\"Implantolog\u00eda\" title_text=\"Implantolog\u00eda\" _builder_version=\"4.5.1\" _module_preset=\"default\" custom_padding=\"20px||||false|false\"][\/et_pb_image][\/et_pb_column][\/et_pb_row][et_pb_row _builder_version=\"4.5.1\" _module_preset=\"default\"][et_pb_column type=\"4_4\" _builder_version=\"4.5.1\" _module_preset=\"default\"][et_pb_code _builder_version=\"4.5.1\" _module_preset=\"default\"]<iframe width=\"100%\" height=\"450\" src=\"https:\/\/www.youtube.com\/embed\/o_Rc3HYQbBI\" frameborder=\"0\" allow=\"accelerometer; autoplay; encrypted-media; gyroscope; picture-in-picture\" allowfullscreen><\/iframe>[\/et_pb_code][\/et_pb_column][\/et_pb_row][et_pb_row use_custom_gutter=\"on\" gutter_width=\"1\" disabled_on=\"on|off|off\" module_class=\" et_pb_row_fullwidth\" _builder_version=\"3.25\" width=\"100%\" width_tablet=\"100%\" width_phone=\"\" width_last_edited=\"on|desktop\" max_width=\"100%\" max_width_tablet=\"100%\" max_width_phone=\"\" max_width_last_edited=\"on|desktop\" make_fullwidth=\"on\" locked=\"off\"][et_pb_column type=\"4_4\" _builder_version=\"3.25\" custom_padding=\"|||\" custom_padding__hover=\"|||\"][et_pb_text _builder_version=\"4.5.1\" text_font=\"Josefin Sans|700||on|||||\" text_text_color=\"rgba(255,255,255,0.2)\" text_font_size=\"9vw\" text_line_height=\"1em\" quote_font=\"||||||||\" header_font=\"||||||||\" custom_margin=\"||-0.4em|\" custom_padding=\"|||\" filter_blur=\"7px\" animation_style=\"slide\" animation_direction=\"right\" animation_duration=\"10000ms\" animation_intensity_slide=\"10%\" animation_starting_opacity=\"40%\" animation_speed_curve=\"linear\" text_font_size_tablet=\"124px\" text_font_size_phone=\"90px\" text_font_size_last_edited=\"off|desktop\"]<p>IMPLANTOLOG\u00cdA<\/p>[\/et_pb_text][\/et_pb_column][\/et_pb_row][\/et_pb_section]","_et_gb_content_width":"","inline_featured_image":false,"footnotes":""},"yoast_head":"<!-- This site is optimized with the Yoast SEO plugin v22.7 - https:\/\/yoast.com\/wordpress\/plugins\/seo\/ -->\n<title>Inplantologia - Kosta Hortz Klinika<\/title>\n<meta name=\"robots\" content=\"index, follow, max-snippet:-1, max-image-preview:large, max-video-preview:-1\" \/>\n<link rel=\"canonical\" href=\"https:\/\/kostaklinika.es\/implantologia\/\" \/>\n<meta property=\"og:locale\" content=\"eu_ES\" \/>\n<meta property=\"og:type\" content=\"article\" \/>\n<meta property=\"og:title\" content=\"Inplantologia - Kosta Hortz Klinika\" \/>\n<meta property=\"og:description\" content=\"Hortz inplanteek gaixoari funtzionalitate mastikatzailea eta estetikoa berreskuratzea ahalbidetzen diote, bizi kalitatea eta, oro har, osasun orokorra hobetuz. Material bio-bateragarriak diren finkapenak dira, hezurrarekin lotuta dauden torloju baten antzekoak, falta den hortzaren sustraia ordezkatuz. Horien gainean finkatuko dira falta den pieza edo piezak ordezkatuko dituzten koroak, zubiak edo beste hortz protesiak. Hortz inplantologia etengabe eboluzionatzen [&hellip;]\" \/>\n<meta property=\"og:url\" content=\"https:\/\/kostaklinika.es\/implantologia\/\" \/>\n<meta property=\"og:site_name\" content=\"Kosta Hortz Klinika\" \/>\n<meta property=\"article:modified_time\" content=\"2021-05-27T11:10:36+00:00\" \/>\n<meta name=\"twitter:card\" content=\"summary_large_image\" \/>\n<meta name=\"twitter:label1\" content=\"Est. reading time\" \/>\n\t<meta name=\"twitter:data1\" content=\"3 minutes\" \/>\n<script type=\"application\/ld+json\" class=\"yoast-schema-graph\">{\"@context\":\"https:\/\/schema.org\",\"@graph\":[{\"@type\":\"WebPage\",\"@id\":\"https:\/\/kostaklinika.es\/implantologia\/\",\"url\":\"https:\/\/kostaklinika.es\/implantologia\/\",\"name\":\"Inplantologia - Kosta Hortz Klinika\",\"isPartOf\":{\"@id\":\"https:\/\/kostaklinika.es\/#website\"},\"datePublished\":\"2021-05-27T11:10:29+00:00\",\"dateModified\":\"2021-05-27T11:10:36+00:00\",\"breadcrumb\":{\"@id\":\"https:\/\/kostaklinika.es\/implantologia\/#breadcrumb\"},\"inLanguage\":\"eu-ES\",\"potentialAction\":[{\"@type\":\"ReadAction\",\"target\":[\"https:\/\/kostaklinika.es\/implantologia\/\"]}]},{\"@type\":\"BreadcrumbList\",\"@id\":\"https:\/\/kostaklinika.es\/implantologia\/#breadcrumb\",\"itemListElement\":[{\"@type\":\"ListItem\",\"position\":1,\"name\":\"Portada\",\"item\":\"https:\/\/kostaklinika.es\/\"},{\"@type\":\"ListItem\",\"position\":2,\"name\":\"Inplantologia\"}]},{\"@type\":\"WebSite\",\"@id\":\"https:\/\/kostaklinika.es\/#website\",\"url\":\"https:\/\/kostaklinika.es\/\",\"name\":\"Kosta Hortz Klinika\",\"description\":\"Cl\u00ednica dental\",\"potentialAction\":[{\"@type\":\"SearchAction\",\"target\":{\"@type\":\"EntryPoint\",\"urlTemplate\":\"https:\/\/kostaklinika.es\/?s={search_term_string}\"},\"query-input\":\"required name=search_term_string\"}],\"inLanguage\":\"eu-ES\"}]}<\/script>\n<!-- \/ Yoast SEO plugin. -->","yoast_head_json":{"title":"Inplantologia - Kosta Hortz Klinika","robots":{"index":"index","follow":"follow","max-snippet":"max-snippet:-1","max-image-preview":"max-image-preview:large","max-video-preview":"max-video-preview:-1"},"canonical":"https:\/\/kostaklinika.es\/implantologia\/","og_locale":"eu_ES","og_type":"article","og_title":"Inplantologia - Kosta Hortz Klinika","og_description":"Hortz inplanteek gaixoari funtzionalitate mastikatzailea eta estetikoa berreskuratzea ahalbidetzen diote, bizi kalitatea eta, oro har, osasun orokorra hobetuz. Material bio-bateragarriak diren finkapenak dira, hezurrarekin lotuta dauden torloju baten antzekoak, falta den hortzaren sustraia ordezkatuz. Horien gainean finkatuko dira falta den pieza edo piezak ordezkatuko dituzten koroak, zubiak edo beste hortz protesiak. Hortz inplantologia etengabe eboluzionatzen [&hellip;]","og_url":"https:\/\/kostaklinika.es\/implantologia\/","og_site_name":"Kosta Hortz Klinika","article_modified_time":"2021-05-27T11:10:36+00:00","twitter_card":"summary_large_image","twitter_misc":{"Est. reading time":"3 minutes"},"schema":{"@context":"https:\/\/schema.org","@graph":[{"@type":"WebPage","@id":"https:\/\/kostaklinika.es\/implantologia\/","url":"https:\/\/kostaklinika.es\/implantologia\/","name":"Inplantologia - Kosta Hortz Klinika","isPartOf":{"@id":"https:\/\/kostaklinika.es\/#website"},"datePublished":"2021-05-27T11:10:29+00:00","dateModified":"2021-05-27T11:10:36+00:00","breadcrumb":{"@id":"https:\/\/kostaklinika.es\/implantologia\/#breadcrumb"},"inLanguage":"eu-ES","potentialAction":[{"@type":"ReadAction","target":["https:\/\/kostaklinika.es\/implantologia\/"]}]},{"@type":"BreadcrumbList","@id":"https:\/\/kostaklinika.es\/implantologia\/#breadcrumb","itemListElement":[{"@type":"ListItem","position":1,"name":"Portada","item":"https:\/\/kostaklinika.es\/"},{"@type":"ListItem","position":2,"name":"Inplantologia"}]},{"@type":"WebSite","@id":"https:\/\/kostaklinika.es\/#website","url":"https:\/\/kostaklinika.es\/","name":"Kosta Hortz Klinika","description":"Cl\u00ednica dental","potentialAction":[{"@type":"SearchAction","target":{"@type":"EntryPoint","urlTemplate":"https:\/\/kostaklinika.es\/?s={search_term_string}"},"query-input":"required name=search_term_string"}],"inLanguage":"eu-ES"}]}},"_links":{"self":[{"href":"https:\/\/kostaklinika.es\/eu\/wp-json\/wp\/v2\/pages\/864"}],"collection":[{"href":"https:\/\/kostaklinika.es\/eu\/wp-json\/wp\/v2\/pages"}],"about":[{"href":"https:\/\/kostaklinika.es\/eu\/wp-json\/wp\/v2\/types\/page"}],"author":[{"embeddable":true,"href":"https:\/\/kostaklinika.es\/eu\/wp-json\/wp\/v2\/users\/1"}],"replies":[{"embeddable":true,"href":"https:\/\/kostaklinika.es\/eu\/wp-json\/wp\/v2\/comments?post=864"}],"version-history":[{"count":2,"href":"https:\/\/kostaklinika.es\/eu\/wp-json\/wp\/v2\/pages\/864\/revisions"}],"predecessor-version":[{"id":867,"href":"https:\/\/kostaklinika.es\/eu\/wp-json\/wp\/v2\/pages\/864\/revisions\/867"}],"wp:attachment":[{"href":"https:\/\/kostaklinika.es\/eu\/wp-json\/wp\/v2\/media?parent=864"}],"curies":[{"name":"wp","href":"https:\/\/api.w.org\/{rel}","templated":true}]}}