{"id":826,"date":"2021-05-27T11:56:03","date_gmt":"2021-05-27T10:56:03","guid":{"rendered":"https:\/\/kostaklinika.es\/?page_id=826"},"modified":"2021-05-27T11:56:11","modified_gmt":"2021-05-27T10:56:11","slug":"endodontzia","status":"publish","type":"page","link":"https:\/\/kostaklinika.es\/eu\/endodontzia\/","title":{"rendered":"Endodontzia"},"content":{"rendered":"<p>[et_pb_section fb_built=&#8221;1&#8243; next_background_color=&#8221;#ffffff&#8221; admin_label=&#8221;Hero&#8221; _builder_version=&#8221;4.5.1&#8243; use_background_color_gradient=&#8221;on&#8221; background_color_gradient_start=&#8221;#27A8E1&#8243; background_color_gradient_end=&#8221;rgba(128,103,79,0.5)&#8221; background_color_gradient_direction=&#8221;70deg&#8221; background_color_gradient_overlays_image=&#8221;on&#8221; background_image=&#8221;https:\/\/kostaklinika.es\/wp-content\/uploads\/2020\/07\/kosta-hortz-klinika-endodoncia.jpg&#8221; custom_margin=&#8221;||3%|&#8221; custom_padding=&#8221;4vw||||false|false&#8221; bottom_divider_style=&#8221;mountains2&#8243; bottom_divider_height=&#8221;20vw&#8221; bottom_divider_repeat=&#8221;0.5x&#8221; bottom_divider_flip=&#8221;horizontal|vertical&#8221;][et_pb_row _builder_version=&#8221;4.5.1&#8243; custom_margin=&#8221;|||&#8221; custom_padding=&#8221;27px|0px|0|0px|false|false&#8221;][et_pb_column type=&#8221;4_4&#8243; _builder_version=&#8221;4.5.1&#8243; custom_padding=&#8221;|||&#8221; custom_padding__hover=&#8221;|||&#8221;][et_pb_blurb title=&#8221;Endodontzia&#8221; image=&#8221;https:\/\/kostaklinika.es\/wp-content\/uploads\/2020\/07\/endodoncia-g.png&#8221; alt=&#8221;Endodoncia&#8221; icon_placement=&#8221;left&#8221; content_max_width=&#8221;100%&#8221; module_id=&#8221;titular_interior&#8221; _builder_version=&#8221;4.9.4&#8243; _module_preset=&#8221;default&#8221; header_font=&#8221;Open Sans||||||||&#8221; header_text_color=&#8221;#ffffff&#8221; header_font_size=&#8221;80px&#8221; hover_enabled=&#8221;0&#8243; custom_css_blurb_image=&#8221;width:80px;||margin-top:20px;&#8221; header_text_shadow_style=&#8221;preset3&#8243; locked=&#8221;off&#8221; sticky_enabled=&#8221;0&#8243;][\/et_pb_blurb][\/et_pb_column][\/et_pb_row][et_pb_row column_structure=&#8221;1_2,1_2&#8243; _builder_version=&#8221;3.25&#8243; custom_padding=&#8221;0|0px|27px|0px|false|false&#8221;][et_pb_column type=&#8221;1_2&#8243; _builder_version=&#8221;3.25&#8243; custom_padding=&#8221;|||&#8221; custom_padding__hover=&#8221;|||&#8221;][et_pb_text _builder_version=&#8221;4.9.4&#8243; _module_preset=&#8221;default&#8221; text_font=&#8221;Open Sans||||||||&#8221; text_text_color=&#8221;#ffffff&#8221; text_font_size=&#8221;18px&#8221; text_line_height=&#8221;1.8em&#8221; custom_padding=&#8221;20px||||false|false&#8221; hover_enabled=&#8221;0&#8243; sticky_enabled=&#8221;0&#8243;]Tratamenduaren helburua kaltetutako hortzaren barruko nerbioa kentzea, sustraietako kanalak desinfektatzea eta material biobateragarri batez betetzea da. Zigilu hermetikoa lortuz, horrela berriz infekzioa saihesteko. Tratamendu hau beharrezkoa izaten da hortzetako nerbioa ikututa duenean; mina eta \/ edo infekzioa eraginez. [\/et_pb_text][\/et_pb_column][et_pb_column type=&#8221;1_2&#8243; _builder_version=&#8221;3.25&#8243; custom_padding=&#8221;|||&#8221; custom_padding__hover=&#8221;|||&#8221;][et_pb_text _builder_version=&#8221;4.9.4&#8243; _module_preset=&#8221;default&#8221; text_font=&#8221;Open Sans||||||||&#8221; text_text_color=&#8221;#ffffff&#8221; text_font_size=&#8221;18px&#8221; text_line_height=&#8221;1.8em&#8221; custom_padding=&#8221;20px||||false|false&#8221;]Nerbio afekzio hau, traumatismo edo txantxar oso sakonek eragiten dute maiz. Txantxarraren detekzio goiztiarra garrantzitsua da, urteroko berrikuspenekin eta aldizkako erradiografiekin kontrolatuz.[\/et_pb_text][\/et_pb_column][\/et_pb_row][et_pb_row _builder_version=&#8221;4.5.1&#8243;][et_pb_column type=&#8221;4_4&#8243; _builder_version=&#8221;4.5.1&#8243; custom_padding__hover=&#8221;|||&#8221;][et_pb_image src=&#8221;https:\/\/kostaklinika.es\/wp-content\/uploads\/2020\/07\/kosta-hortz-klinika-endodoncia-contenido.png&#8221; alt=&#8221;Endodoncia&#8221; title_text=&#8221;Endodoncia&#8221; disabled_on=&#8221;off|off|off&#8221; _builder_version=&#8221;4.5.1&#8243; _module_preset=&#8221;default&#8221;][\/et_pb_image][\/et_pb_column][\/et_pb_row][et_pb_row _builder_version=&#8221;3.25&#8243; custom_padding=&#8221;0|0px|27px|0px|false|false&#8221;][et_pb_column type=&#8221;4_4&#8243; _builder_version=&#8221;3.25&#8243; custom_padding=&#8221;|||&#8221; custom_padding__hover=&#8221;|||&#8221;][et_pb_text _builder_version=&#8221;4.9.4&#8243; _module_preset=&#8221;default&#8221; text_font=&#8221;Open Sans||||||||&#8221; text_text_color=&#8221;#ffffff&#8221; text_font_size=&#8221;18px&#8221; text_line_height=&#8221;1.8em&#8221; custom_padding=&#8221;20px||||false|false&#8221;]Endodontzia tratamendu konplexua da, eta zure hortza salbatzeko aukera ematen du, arrakasta portzentaje handi batekin.<\/p>\n<p>Endodontzia ez da beti gomendatuko. Hortza erauztea erabakiko da zaharberritzea ezinezkoa denean, hortz-birxurgapen garrantzitsuak gertatu direnean, hortz-sustraien zulaketak daudenean, haustura bertikalak daudenean edo gaixotasun periodontal larria dagoenean. Baita balio funtzionalik gabeko hortzetan ere, adibidez, antagonistarik gabeko judizio haginetan.[\/et_pb_text][\/et_pb_column][\/et_pb_row][et_pb_row use_custom_gutter=&#8221;on&#8221; gutter_width=&#8221;1&#8243; disabled_on=&#8221;on|off|off&#8221; module_class=&#8221; et_pb_row_fullwidth&#8221; _builder_version=&#8221;3.25&#8243; width=&#8221;100%&#8221; width_tablet=&#8221;100%&#8221; width_phone=&#8221;&#8221; width_last_edited=&#8221;on|desktop&#8221; max_width=&#8221;100%&#8221; max_width_tablet=&#8221;100%&#8221; max_width_phone=&#8221;&#8221; max_width_last_edited=&#8221;on|desktop&#8221; make_fullwidth=&#8221;on&#8221; locked=&#8221;off&#8221;][et_pb_column type=&#8221;4_4&#8243; _builder_version=&#8221;3.25&#8243; custom_padding=&#8221;|||&#8221; custom_padding__hover=&#8221;|||&#8221;][et_pb_text _builder_version=&#8221;4.9.4&#8243; text_font=&#8221;Josefin Sans|700||on|||||&#8221; text_text_color=&#8221;rgba(255,255,255,0.2)&#8221; text_font_size=&#8221;9vw&#8221; text_line_height=&#8221;1em&#8221; quote_font=&#8221;||||||||&#8221; header_font=&#8221;||||||||&#8221; custom_margin=&#8221;||-0.4em|&#8221; custom_padding=&#8221;|||&#8221; filter_blur=&#8221;7px&#8221; animation_style=&#8221;slide&#8221; animation_direction=&#8221;right&#8221; animation_duration=&#8221;10000ms&#8221; animation_intensity_slide=&#8221;10%&#8221; animation_starting_opacity=&#8221;40%&#8221; animation_speed_curve=&#8221;linear&#8221; text_font_size_tablet=&#8221;124px&#8221; text_font_size_phone=&#8221;90px&#8221; text_font_size_last_edited=&#8221;off|desktop&#8221;]Endodontzia[\/et_pb_text][\/et_pb_column][\/et_pb_row][\/et_pb_section]<\/p>\n","protected":false},"excerpt":{"rendered":"<p>Tratamenduaren helburua kaltetutako hortzaren barruko nerbioa kentzea, sustraietako kanalak desinfektatzea eta material biobateragarri batez betetzea da. Zigilu hermetikoa lortuz, horrela berriz infekzioa saihesteko. Tratamendu hau beharrezkoa izaten da hortzetako nerbioa ikututa duenean; mina eta \/ edo infekzioa eraginez. Nerbio afekzio hau, traumatismo edo txantxar oso sakonek eragiten dute maiz. Txantxarraren detekzio goiztiarra garrantzitsua da, urteroko [&hellip;]<\/p>\n","protected":false},"author":1,"featured_media":0,"parent":0,"menu_order":0,"comment_status":"closed","ping_status":"closed","template":"","meta":{"_et_pb_use_builder":"on","_et_pb_old_content":"[et_pb_section fb_built=\"1\" next_background_color=\"#ffffff\" admin_label=\"Hero\" _builder_version=\"4.5.1\" use_background_color_gradient=\"on\" background_color_gradient_start=\"#27A8E1\" background_color_gradient_end=\"rgba(128,103,79,0.5)\" background_color_gradient_direction=\"70deg\" background_color_gradient_overlays_image=\"on\" background_image=\"https:\/\/kostaklinika.es\/wp-content\/uploads\/2020\/07\/kosta-hortz-klinika-endodoncia.jpg\" custom_margin=\"||3%|\" custom_padding=\"4vw||||false|false\" bottom_divider_style=\"mountains2\" bottom_divider_height=\"20vw\" bottom_divider_repeat=\"0.5x\" bottom_divider_flip=\"horizontal|vertical\" hover_enabled=\"0\"][et_pb_row _builder_version=\"4.5.1\" custom_margin=\"|||\" custom_padding=\"27px|0px|0|0px|false|false\"][et_pb_column type=\"4_4\" _builder_version=\"4.5.1\" custom_padding=\"|||\" custom_padding__hover=\"|||\"][et_pb_blurb title=\"Endodoncia\" image=\"https:\/\/kostaklinika.es\/wp-content\/uploads\/2020\/07\/endodoncia-g.png\" alt=\"Endodoncia\" icon_placement=\"left\" content_max_width=\"100%\" module_id=\"titular_interior\" _builder_version=\"4.5.1\" _module_preset=\"default\" header_font=\"Open Sans||||||||\" header_text_color=\"#ffffff\" header_font_size=\"80px\" custom_css_blurb_image=\"width:80px;||margin-top:20px;\" header_text_shadow_style=\"preset3\" locked=\"off\"][\/et_pb_blurb][\/et_pb_column][\/et_pb_row][et_pb_row column_structure=\"1_2,1_2\" _builder_version=\"3.25\" custom_padding=\"0|0px|27px|0px|false|false\"][et_pb_column type=\"1_2\" _builder_version=\"3.25\" custom_padding=\"|||\" custom_padding__hover=\"|||\"][et_pb_text _builder_version=\"4.5.1\" _module_preset=\"default\" text_font=\"Open Sans||||||||\" text_text_color=\"#ffffff\" text_font_size=\"18px\" text_line_height=\"1.8em\" custom_padding=\"20px||||false|false\"]El tratamiento consiste en eliminar el nervio del interior del diente afectado, desinfectar los conductos de las ra\u00edces y rellenarlo de un material biocompatible, consiguiendo un sellado herm\u00e9tico, para as\u00ed, evitar la reinfecci\u00f3n. Este tratamiento es requerido cuando el nervio dental se ha visto afectado; produciendo dolor y\/o infecci\u00f3n.[\/et_pb_text][\/et_pb_column][et_pb_column type=\"1_2\" _builder_version=\"3.25\" custom_padding=\"|||\" custom_padding__hover=\"|||\"][et_pb_text _builder_version=\"4.5.1\" _module_preset=\"default\" text_font=\"Open Sans||||||||\" text_text_color=\"#ffffff\" text_font_size=\"18px\" text_line_height=\"1.8em\" custom_padding=\"20px||||false|false\"]<p>Esta afecci\u00f3n est\u00e1 frecuentemente provocada por traumatismos o caries muy profundas que alcanzan la pulpa dental y producen infecci\u00f3n de la misma. Es importante la detecci\u00f3n temprana de caries con revisiones anuales y radiograf\u00edas peri\u00f3dicas para evitar que las mismas lleguen a esta fase.<\/p>[\/et_pb_text][\/et_pb_column][\/et_pb_row][et_pb_row _builder_version=\"4.5.1\"][et_pb_column type=\"4_4\" _builder_version=\"4.5.1\" custom_padding__hover=\"|||\"][et_pb_image src=\"https:\/\/kostaklinika.es\/wp-content\/uploads\/2020\/07\/kosta-hortz-klinika-endodoncia-contenido.png\" alt=\"Endodoncia\" title_text=\"Endodoncia\" disabled_on=\"off|off|off\" _builder_version=\"4.5.1\" _module_preset=\"default\"][\/et_pb_image][\/et_pb_column][\/et_pb_row][et_pb_row _builder_version=\"3.25\" custom_padding=\"0|0px|27px|0px|false|false\"][et_pb_column type=\"4_4\" _builder_version=\"3.25\" custom_padding=\"|||\" custom_padding__hover=\"|||\"][et_pb_text _builder_version=\"4.5.1\" _module_preset=\"default\" text_font=\"Open Sans||||||||\" text_text_color=\"#ffffff\" text_font_size=\"18px\" text_line_height=\"1.8em\" custom_padding=\"20px||||false|false\"]<p>La endodoncia es un tratamiento complejo que permite salvar tu diente con un gran porcentaje de \u00e9xito.<\/p>\r\n<p>No siempre estar\u00e1 indicada la endodoncia, se optara por la extracci\u00f3n de la pieza dental cuando existe imposibilidad de restaurar la misma, se han producido reabsorciones dentales importantes, existen perforaciones de las ra\u00edces dentales, fracturas verticales o enfermedad periodontal grave. Tambi\u00e9n en dientes sin valor est\u00e9tico o funcional, por ejemplo en muelas del juicio sin antagonista con el que pueda ocluir para masticar o en otras circunstancias.<\/p>[\/et_pb_text][\/et_pb_column][\/et_pb_row][et_pb_row use_custom_gutter=\"on\" gutter_width=\"1\" disabled_on=\"on|off|off\" module_class=\" et_pb_row_fullwidth\" _builder_version=\"3.25\" width=\"100%\" width_tablet=\"100%\" width_phone=\"\" width_last_edited=\"on|desktop\" max_width=\"100%\" max_width_tablet=\"100%\" max_width_phone=\"\" max_width_last_edited=\"on|desktop\" make_fullwidth=\"on\" locked=\"off\"][et_pb_column type=\"4_4\" _builder_version=\"3.25\" custom_padding=\"|||\" custom_padding__hover=\"|||\"][et_pb_text _builder_version=\"4.5.1\" text_font=\"Josefin Sans|700||on|||||\" text_text_color=\"rgba(255,255,255,0.2)\" text_font_size=\"9vw\" text_line_height=\"1em\" quote_font=\"||||||||\" header_font=\"||||||||\" custom_margin=\"||-0.4em|\" custom_padding=\"|||\" filter_blur=\"7px\" animation_style=\"slide\" animation_direction=\"right\" animation_duration=\"10000ms\" animation_intensity_slide=\"10%\" animation_starting_opacity=\"40%\" animation_speed_curve=\"linear\" text_font_size_tablet=\"124px\" text_font_size_phone=\"90px\" text_font_size_last_edited=\"off|desktop\"]<p>Endodoncia<\/p>[\/et_pb_text][\/et_pb_column][\/et_pb_row][\/et_pb_section]","_et_gb_content_width":"","inline_featured_image":false,"footnotes":""},"yoast_head":"<!-- This site is optimized with the Yoast SEO plugin v22.7 - https:\/\/yoast.com\/wordpress\/plugins\/seo\/ -->\n<title>Endodontzia - Kosta Hortz Klinika<\/title>\n<meta name=\"robots\" content=\"index, follow, max-snippet:-1, max-image-preview:large, max-video-preview:-1\" \/>\n<link rel=\"canonical\" href=\"https:\/\/kostaklinika.es\/endodoncia\/\" \/>\n<meta property=\"og:locale\" content=\"eu_ES\" \/>\n<meta property=\"og:type\" content=\"article\" \/>\n<meta property=\"og:title\" content=\"Endodontzia - Kosta Hortz Klinika\" \/>\n<meta property=\"og:description\" content=\"Tratamenduaren helburua kaltetutako hortzaren barruko nerbioa kentzea, sustraietako kanalak desinfektatzea eta material biobateragarri batez betetzea da. Zigilu hermetikoa lortuz, horrela berriz infekzioa saihesteko. Tratamendu hau beharrezkoa izaten da hortzetako nerbioa ikututa duenean; mina eta \/ edo infekzioa eraginez. Nerbio afekzio hau, traumatismo edo txantxar oso sakonek eragiten dute maiz. Txantxarraren detekzio goiztiarra garrantzitsua da, urteroko [&hellip;]\" \/>\n<meta property=\"og:url\" content=\"https:\/\/kostaklinika.es\/endodoncia\/\" \/>\n<meta property=\"og:site_name\" content=\"Kosta Hortz Klinika\" \/>\n<meta property=\"article:modified_time\" content=\"2021-05-27T10:56:11+00:00\" \/>\n<meta name=\"twitter:card\" content=\"summary_large_image\" \/>\n<meta name=\"twitter:label1\" content=\"Est. reading time\" \/>\n\t<meta name=\"twitter:data1\" content=\"3 minutes\" \/>\n<script type=\"application\/ld+json\" class=\"yoast-schema-graph\">{\"@context\":\"https:\/\/schema.org\",\"@graph\":[{\"@type\":\"WebPage\",\"@id\":\"https:\/\/kostaklinika.es\/endodoncia\/\",\"url\":\"https:\/\/kostaklinika.es\/endodoncia\/\",\"name\":\"Endodontzia - Kosta Hortz Klinika\",\"isPartOf\":{\"@id\":\"https:\/\/kostaklinika.es\/#website\"},\"datePublished\":\"2021-05-27T10:56:03+00:00\",\"dateModified\":\"2021-05-27T10:56:11+00:00\",\"breadcrumb\":{\"@id\":\"https:\/\/kostaklinika.es\/endodoncia\/#breadcrumb\"},\"inLanguage\":\"eu-ES\",\"potentialAction\":[{\"@type\":\"ReadAction\",\"target\":[\"https:\/\/kostaklinika.es\/endodoncia\/\"]}]},{\"@type\":\"BreadcrumbList\",\"@id\":\"https:\/\/kostaklinika.es\/endodoncia\/#breadcrumb\",\"itemListElement\":[{\"@type\":\"ListItem\",\"position\":1,\"name\":\"Portada\",\"item\":\"https:\/\/kostaklinika.es\/\"},{\"@type\":\"ListItem\",\"position\":2,\"name\":\"Endodontzia\"}]},{\"@type\":\"WebSite\",\"@id\":\"https:\/\/kostaklinika.es\/#website\",\"url\":\"https:\/\/kostaklinika.es\/\",\"name\":\"Kosta Hortz Klinika\",\"description\":\"Cl\u00ednica dental\",\"potentialAction\":[{\"@type\":\"SearchAction\",\"target\":{\"@type\":\"EntryPoint\",\"urlTemplate\":\"https:\/\/kostaklinika.es\/?s={search_term_string}\"},\"query-input\":\"required name=search_term_string\"}],\"inLanguage\":\"eu-ES\"}]}<\/script>\n<!-- \/ Yoast SEO plugin. -->","yoast_head_json":{"title":"Endodontzia - Kosta Hortz Klinika","robots":{"index":"index","follow":"follow","max-snippet":"max-snippet:-1","max-image-preview":"max-image-preview:large","max-video-preview":"max-video-preview:-1"},"canonical":"https:\/\/kostaklinika.es\/endodoncia\/","og_locale":"eu_ES","og_type":"article","og_title":"Endodontzia - Kosta Hortz Klinika","og_description":"Tratamenduaren helburua kaltetutako hortzaren barruko nerbioa kentzea, sustraietako kanalak desinfektatzea eta material biobateragarri batez betetzea da. Zigilu hermetikoa lortuz, horrela berriz infekzioa saihesteko. Tratamendu hau beharrezkoa izaten da hortzetako nerbioa ikututa duenean; mina eta \/ edo infekzioa eraginez. Nerbio afekzio hau, traumatismo edo txantxar oso sakonek eragiten dute maiz. Txantxarraren detekzio goiztiarra garrantzitsua da, urteroko [&hellip;]","og_url":"https:\/\/kostaklinika.es\/endodoncia\/","og_site_name":"Kosta Hortz Klinika","article_modified_time":"2021-05-27T10:56:11+00:00","twitter_card":"summary_large_image","twitter_misc":{"Est. reading time":"3 minutes"},"schema":{"@context":"https:\/\/schema.org","@graph":[{"@type":"WebPage","@id":"https:\/\/kostaklinika.es\/endodoncia\/","url":"https:\/\/kostaklinika.es\/endodoncia\/","name":"Endodontzia - Kosta Hortz Klinika","isPartOf":{"@id":"https:\/\/kostaklinika.es\/#website"},"datePublished":"2021-05-27T10:56:03+00:00","dateModified":"2021-05-27T10:56:11+00:00","breadcrumb":{"@id":"https:\/\/kostaklinika.es\/endodoncia\/#breadcrumb"},"inLanguage":"eu-ES","potentialAction":[{"@type":"ReadAction","target":["https:\/\/kostaklinika.es\/endodoncia\/"]}]},{"@type":"BreadcrumbList","@id":"https:\/\/kostaklinika.es\/endodoncia\/#breadcrumb","itemListElement":[{"@type":"ListItem","position":1,"name":"Portada","item":"https:\/\/kostaklinika.es\/"},{"@type":"ListItem","position":2,"name":"Endodontzia"}]},{"@type":"WebSite","@id":"https:\/\/kostaklinika.es\/#website","url":"https:\/\/kostaklinika.es\/","name":"Kosta Hortz Klinika","description":"Cl\u00ednica dental","potentialAction":[{"@type":"SearchAction","target":{"@type":"EntryPoint","urlTemplate":"https:\/\/kostaklinika.es\/?s={search_term_string}"},"query-input":"required name=search_term_string"}],"inLanguage":"eu-ES"}]}},"_links":{"self":[{"href":"https:\/\/kostaklinika.es\/eu\/wp-json\/wp\/v2\/pages\/826"}],"collection":[{"href":"https:\/\/kostaklinika.es\/eu\/wp-json\/wp\/v2\/pages"}],"about":[{"href":"https:\/\/kostaklinika.es\/eu\/wp-json\/wp\/v2\/types\/page"}],"author":[{"embeddable":true,"href":"https:\/\/kostaklinika.es\/eu\/wp-json\/wp\/v2\/users\/1"}],"replies":[{"embeddable":true,"href":"https:\/\/kostaklinika.es\/eu\/wp-json\/wp\/v2\/comments?post=826"}],"version-history":[{"count":3,"href":"https:\/\/kostaklinika.es\/eu\/wp-json\/wp\/v2\/pages\/826\/revisions"}],"predecessor-version":[{"id":830,"href":"https:\/\/kostaklinika.es\/eu\/wp-json\/wp\/v2\/pages\/826\/revisions\/830"}],"wp:attachment":[{"href":"https:\/\/kostaklinika.es\/eu\/wp-json\/wp\/v2\/media?parent=826"}],"curies":[{"name":"wp","href":"https:\/\/api.w.org\/{rel}","templated":true}]}}