{"id":793,"date":"2021-05-27T10:25:33","date_gmt":"2021-05-27T09:25:33","guid":{"rendered":"https:\/\/kostaklinika.es\/?page_id=793"},"modified":"2021-05-27T10:25:40","modified_gmt":"2021-05-27T09:25:40","slug":"abisu-legala","status":"publish","type":"page","link":"https:\/\/kostaklinika.es\/eu\/abisu-legala\/","title":{"rendered":"Abisu legala"},"content":{"rendered":"<p>[et_pb_section fb_built=&#8221;1&#8243; _builder_version=&#8221;3.22&#8243;][et_pb_row _builder_version=&#8221;3.25&#8243; background_size=&#8221;initial&#8221; background_position=&#8221;top_left&#8221; background_repeat=&#8221;repeat&#8221;][et_pb_column type=&#8221;4_4&#8243; _builder_version=&#8221;3.25&#8243; custom_padding=&#8221;|||&#8221; custom_padding__hover=&#8221;|||&#8221;][et_pb_text _builder_version=&#8221;4.9.4&#8243; background_size=&#8221;initial&#8221; background_position=&#8221;top_left&#8221; background_repeat=&#8221;repeat&#8221; hover_enabled=&#8221;0&#8243; sticky_enabled=&#8221;0&#8243;]<\/p>\n<h1>Abisu legala<\/h1>\n<p>&nbsp;<\/p>\n<h2>Webgunearen jabetza intelektuala <\/h2>\n<p>Copyright \u00a9 2021, Kosta Hortz Klinika, ustiapen-eskubide guztiak erreserbatuta daude. <\/p>\n<p>Webgunearen inguruko jabetza intelektualaren eskubideak, diseinu grafikoa eta kodeak  Kosta Hortz Klinikaren titulartasunekoak dira.<\/p>\n<p>Aipaturiko enpresari dagokio ustiapen-eskubideak edozein modutan baliatzea, eta bereziki, erreprodukzio, banaketa, jendaurreko komunikazio eta eraldaketa eskubideak. Haren edukia partzialki kopiatzeko eskubidea eskaintzen da, betiere, jarraian adierazten diren baldintzak betetzen badira, Kosta Hortz Klinikak berariaz baimendu ez duen edozein ekintza debekatuta gelditzen delarik.<\/p>\n<p>&nbsp;<\/p>\n<h2>Erreprodukzio partzialerako baldintzak<\/h2>\n<p>Webgunea partzialki kopiatzeko baldintzak ondorengoak dira::<\/p>\n<p>Kosta Hortz Klinikaren helburu eta interesekin bateragarria izatea.<\/p>\n<p>Biltzen den informazioa lortzeko asmoz egina izatea, ez ordea helburu komertzialekin edo banakakoa nahiz pribatua den erabilera baterako.<\/p>\n<p>Web honetan sarturiko edukiak moduren batean eraldatuak ez izatea.<\/p>\n<p>Web honetan eskuragarri dagoen elementurik ez erabiltzea, kopiatzea edo banatzea, harekin batera doazen testuetatik edo gainerako edukietatik bereizita.<\/p>\n<p>Aldez aurretik, idatziz eta modu frogagarrian, Kosta Hortz Klinikari jakinaraztea eta, era berean, erabilera horretarako beharrezko erakundearen baimen ziurtatua lortzea.<\/p>\n<p>Erreproduzitutako elementuak ez daitezela hirugarren batzuei erraztu edo Internet nahiz sare lokal batera konektatutako zerbitzari batean instalatu.<\/p>\n<p>&nbsp;<\/p>\n<h2>Webgunearen eguneratzea<\/h2>\n<p>Kosta Hortz Klinikak bere web orrietako informazioa eguneratu, aldatu edo ezabatzeko eskubidea izango du, informazio horretarako sarbidea mugatu edo ez onartzeko aukera ire zango duelarik.<\/p>\n<p>Web orri hauetan dagoen informazioa azken eguneratzean indarrean jarririkoa da eta erabiltzaileek informazio orientagarri gisa hartu beharra dute, produktu, zerbitzu eta orri hauek duten beste informazioen ingurukoa delarik. Erabiltzaileak edozein informazioren eguneratze data baiezta dezake, hau, webgune bertan eskura duen posta elektronikoko postontziaren bidez eskatuz gero.<\/p>\n<p>&nbsp;<\/p>\n<h2>Webguneko edukien ardura<\/h2>\n<p>Kosta Hortz Klinikak edukiak gaizki erabiltzearen ondoriozko erantzukizunari uko egiten dio, eta nahi duenean hauek eguneratzeko, ezabatzeko, mugatzeko edo haietan sartzea eragozteko eskubidea du, denboraldi baterako nahiz behin betiko.<\/p>\n<p>Kosta Hortz Klinikak webgune hauek jasotzen ez duten eta, beraz, Kosta Hortz Klinikak egin ez duen edo bere izenean argitaratu ez den edozein informazioaren ardura baztertzen du.<\/p>\n<p>Kosta Hortz Klinikak ez du bere gain hartuko inprimatutako dokumentuen bertsioen eta web orrietan argitaratutako dokumentuen bertsio elektronikoaren artean sor daitezkeen desadostasunen ardura.<\/p>\n<p>Bacalaos Alcorta ez da webguneko edukiek adingabeen sentsibilitatea mindu ahal izatearen arduraduna. Gurasoen ardura da Internet bezalako tresna bat behar bezala erabiltzen dutela ziurtatzea eta adingabeei euren saioetan laguntzea.<\/p>\n<p>&nbsp;<\/p>\n<h2>Estekekiko erantzukizuna<\/h2>\n<p>Kosta Hortz Klinikak esteken bidezko kontaktuaren bidez, Kosta Hortz Klinikaren webguneekin edo gure webgunearen administratzaileak zuzenean kudeatzen ez dituen hirugarren pertsonen web orrietan jasotako informazioaren gaineko erantzukizunari uko egiten dio.<\/p>\n<p>Orrialde honetan ageri diren esteken funtzioa informatiboa baino ez da, ez dute inolaz ere helmugako tokiak bisitatzeko iradokizun, gonbidapen edo gomendiorik egiten.<\/p>\n<p>&nbsp;<\/p>\n<h2>Segurtasunaren gaineko erantzukizuna<\/h2>\n<p>Kosta Hortz Klinikak ez du hartuko eguneratu gabeko nabigatzaileen bertsioak erabiltzearen ondorioz gerta litezkeen segurtasun-akatsen gaineko erantzukizunik, ezta nabigatzailearen funtzionamendu txarraren ondorioenak ere.<\/p>\n<p>&nbsp;<\/p>\n<h2>Datuen konfidentzialtasuna<\/h2>\n<p>Kosta Hortz Klinikak jakinarazten duenez, erabiltzaileek webguneko zerbitzu batzuetan sartzeko aukera izan dezaten, beharrezkoa da datu pertsonalak biltzea. Izaera Pertsonaleko Datuak Babesteari buruzko abenduaren 13ko 15\/1999 Lege Organikoan eta lege hori garatzen edo aplikatzen duten gainerako legeetan ezarritakoarekin bat etorriz, Kosta Hortz Klinikak datu pertsonalen fitxategi automatizatu bat sortuko duela jakinarazten du, non webguneko zerbitzuak eskuratu eta erabili ahal izateko beharrezkoak diren datuak bilduko diren.<\/p>\n<p>Kosta Hortz Klinikak datu horien isilpeko tratamendua ziurtatzeko neurri egokiak hartuko direla bermatzen du.<\/p>\n<p>Erabiltzaileak, nolanahi ere, emandako datuen egiazkotasunaren gaineko erantzukizuna izango du. Erabiltzaileak bildutako datuak ezagutu edo aldatu nahi izanez gero, mezu bat bidali beharko du kostaklinika@kostaklinika.es helbidera.<\/p>\n<p>&nbsp;<\/p>\n<h2>Irudien jabetza<\/h2>\n<p>Webgune honetako irudi guztiak Kosta Hortz Klinikarenak dira. Jabetza intelektualaren eta copyrightaren nazioarteko legeek babesten dituzte.<\/p>\n<p>Debekatuta dago hauen kopia egitea, kopiatzea eta jendaurrean komunikatzea.<\/p>\n<p>Debekatuta dago hauek saltzea edo alokatzea.<\/p>\n<p>Guztiz debekatuta dago edozein forma edo euskarritan banatzea, ateratzea, transmititzea eta biltegiratzea.<\/p>\n<p>[\/et_pb_text][\/et_pb_column][\/et_pb_row][\/et_pb_section]<\/p>\n","protected":false},"excerpt":{"rendered":"<p>Abisu legala &nbsp; Webgunearen jabetza intelektuala Copyright \u00a9 2021, Kosta Hortz Klinika, ustiapen-eskubide guztiak erreserbatuta daude. Webgunearen inguruko jabetza intelektualaren eskubideak, diseinu grafikoa eta kodeak Kosta Hortz Klinikaren titulartasunekoak dira. Aipaturiko enpresari dagokio ustiapen-eskubideak edozein modutan baliatzea, eta bereziki, erreprodukzio, banaketa, jendaurreko komunikazio eta eraldaketa eskubideak. Haren edukia partzialki kopiatzeko eskubidea eskaintzen da, betiere, jarraian [&hellip;]<\/p>\n","protected":false},"author":1,"featured_media":0,"parent":0,"menu_order":0,"comment_status":"closed","ping_status":"closed","template":"","meta":{"_et_pb_use_builder":"on","_et_pb_old_content":"[et_pb_section fb_built=\"1\" _builder_version=\"3.22\"][et_pb_row _builder_version=\"3.25\" background_size=\"initial\" background_position=\"top_left\" background_repeat=\"repeat\"][et_pb_column type=\"4_4\" _builder_version=\"3.25\" custom_padding=\"|||\" custom_padding__hover=\"|||\"][et_pb_text _builder_version=\"4.4.2\" background_size=\"initial\" background_position=\"top_left\" background_repeat=\"repeat\" hover_enabled=\"0\"]<h1>Aviso legal<\/h1>\r\n\u00a0\r\n\r\n<h2>Propiedad intelectual de la web<\/h2>\r\n<p>Copyright \u00a9 2020, Kosta Hortz Klinika, todos los derechos de explotaci\u00f3n est\u00e1n reservados.<\/p>\r\n<p>Los derechos de propiedad intelectual sobre la web, dise\u00f1o gr\u00e1fico y c\u00f3digos, son titularidad de Kosta Hortz Klinika.<\/p>\r\n<p>Corresponde a dicha empresa el ejercicio exclusivo de los derechos de explotaci\u00f3n de los mismos en cualquier forma y, en especial, los derechos de reproducci\u00f3n, distribuci\u00f3n, comunicaci\u00f3n p\u00fablica y transformaci\u00f3n. Se concede el derecho de reproducci\u00f3n parcial de su contenido siempre que concurran las condiciones que seguidamente se se\u00f1alan, quedando vedados cualesquiera actos que no hayan sido expresamente autorizados por Kosta Hortz Klinika.<\/p>\r\n<p>\u00a0<\/p>\r\n<h2>Condiciones para la reproducci\u00f3n parcial<\/h2>\r\n<p>Las condiciones para la reproducci\u00f3n parcial de la web son las siguientes:<\/p>\r\n<p>Que sea compatible con los fines e intereses de Kosta Hortz Klinika.<\/p>\r\n<p>Que se realice con \u00e1nimo de obtener la informaci\u00f3n contenida y no con prop\u00f3sito comercial ni para uso distinto del individual o privado.<\/p>\r\n<p>Que ning\u00fan contenido incluido en esta web sea modificada de forma alguna.<\/p>\r\n<p>Que ning\u00fan elemento disponible en esta web sea utilizado, copiado o distribuido separadamente del texto o resto de contenidos que lo acompa\u00f1an.<\/p>\r\n<p>Que sea comunicado previamente, por escrito y de manera fehaciente, a Kosta Hortz Klinika y a su vez, se obtenga la autorizaci\u00f3n certificada de la entidad para dicha utilizaci\u00f3n.<\/p>\r\n<p>Que los elementos reproducidos no vayan a ser cedidos posteriormente a terceros o se instalen en un servidor conectado a Internet o a una red local.<\/p>\r\n<p>\u00a0<\/p>\r\n<h2>Actualizaci\u00f3n de la web<\/h2>\r\n<p>Kosta Hortz Klinika se reserva el derecho a actualizar, modificar o eliminar la informaci\u00f3n contenida en sus p\u00e1ginas web pudiendo incluso limitar o no permitir el acceso a dicha informaci\u00f3n.<\/p>\r\n<p>La informaci\u00f3n contenida en estas p\u00e1ginas web es la vigente en la fecha de su \u00faltima actualizaci\u00f3n y tiene que ser considerada como una informaci\u00f3n orientativa para el usuario, relativa a los productos y servicios y a otras informaciones que contienen estas p\u00e1ginas. El usuario puede confirmar la fecha de la actualizaci\u00f3n de cualquier informaci\u00f3n, si la solicita, a trav\u00e9s del buz\u00f3n de correo electr\u00f3nico que tiene a su disposici\u00f3n en el mismo web.<\/p>\r\n<p>\u00a0<\/p>\r\n<h2>Responsabilidad de los contenidos de la web<\/h2>\r\n<p>Kosta Hortz Klinika rechaza la responsabilidad que se derive de la mala utilizaci\u00f3n de los contenidos y se reserva el derecho a actualizarlos cuando quiera, a eliminarlos, limitarlos o impedir el acceso a ellos, de manera temporal o definitiva.<\/p>\r\n<p>Kosta Hortz Klinika rechaza la responsabilidad sobre cualquier informaci\u00f3n no contenida en estas p\u00e1ginas web y, por tanto, no elaborada por Kosta Hortz Klinika o no publicada con su nombre.<\/p>\r\n<p>Kosta Hortz Klinika no se responsabiliza de las posibles discrepancias que puedan surgir entre la versi\u00f3n de sus documentos impresos y la versi\u00f3n electr\u00f3nica de los mismos publicados en sus p\u00e1ginas web. Kosta Hortz Klinika no se responsabiliza del uso que los menores hagan de la web.<\/p>\r\n<p>Kosta Hortz Klinika no es responsable que los contenidos de la web puedan herir la sensibilidad de los menores. Es responsabilidad de los padres asegurarse del correcto uso de una herramienta como Internet y acompa\u00f1ar a los menores en sus sesiones.<\/p>\r\n<p>\u00a0<\/p>\r\n<h2>Responsabilidad con los enlaces<\/h2>\r\n<p>Kosta Hortz Klinika rechaza la responsabilidad sobre la informaci\u00f3n contenida en p\u00e1ginas web de terceras personas conectadas por enlaces, con las p\u00e1ginas web de Kosta Hortz Klinika, o que no sean gestionadas directamente por nuestro administrador del web.<\/p>\r\n<p>La funci\u00f3n de los enlaces que aparecen en esta p\u00e1gina tienen s\u00f3lo finalidad informativa y en ning\u00fan caso suponen una sugerencia, invitaci\u00f3n o recomendaci\u00f3n para la visita de los lugares de destino.<\/p>\r\n<p>\u00a0<\/p>\r\n<h2>Responsabilidad sobre seguridad<\/h2>\r\n<p>Kosta Hortz Klinika no se hace responsable de los posibles errores de seguridad que se pudieran producir por el hecho de utilizar versiones de navegadores no actualizadas, o de las consecuencias que se pudieran derivar del mal funcionamiento del navegador.<\/p>\r\n<p>\u00a0<\/p>\r\n<h2>Confidencialidad de los datos<\/h2>\r\n<p>Kosta Hortz Klinika informa que para permitir que los usuarios puedan acceder a algunos de los servicios de la web, se hace necesario proceder a la recogida de datos de car\u00e1cter personal. De acuerdo con lo establecido en la Ley Org\u00e1nica 15\/1999, de 13 de diciembre, de Protecci\u00f3n de Datos de Car\u00e1cter Personal, y dem\u00e1s legislaci\u00f3n que la desarrolle o resulte aplicable, Kosta Hortz Klinika informa que proceder\u00e1 a la creaci\u00f3n de un fichero automatizado de datos de car\u00e1cter personal, en el que se recoger\u00e1n aquellos datos que sean necesarios para permitir el acceso y utilizaci\u00f3n de los servicios de la web.<\/p>\r\n<p>Kosta Hortz Klinika garantiza la adopci\u00f3n de las medidas oportunas para asegurar el tratamiento confidencial de dichos datos.<\/p>\r\n<p>El usuario responder\u00e1, en cualquier caso, de la veracidad de los datos facilitados. Si el usuario desea conocer o modificar los datos recogidos, solamente tiene que enviar un correo a kostaklinika@kostaklinika.es .<\/p>\r\n<p>\u00a0<\/p>\r\n<h2>Propiedad de las im\u00e1genes<\/h2>\r\n<p>Todas las im\u00e1genes de esta web son propiedad de Kosta Hortz Klinika. Est\u00e1n protegidas por las leyes internacionales de la propiedad intelectual y el copyright.<\/p>\r\n<p>Est\u00e1 prohibida su copia, reproducci\u00f3n y comunicaci\u00f3n p\u00fablica.<\/p>\r\n<p>Se proh\u00edbe su venta o alquiler.<\/p>\r\n<p>Est\u00e1 totalmente prohibida su distribuci\u00f3n, extracci\u00f3n, transmisi\u00f3n y almacenamiento en cualquier forma o soporte.<\/p>[\/et_pb_text][\/et_pb_column][\/et_pb_row][\/et_pb_section]","_et_gb_content_width":"","inline_featured_image":false,"footnotes":""},"yoast_head":"<!-- This site is optimized with the Yoast SEO plugin v22.7 - https:\/\/yoast.com\/wordpress\/plugins\/seo\/ -->\n<title>Abisu legala - Kosta Hortz Klinika<\/title>\n<meta name=\"robots\" content=\"index, follow, max-snippet:-1, max-image-preview:large, max-video-preview:-1\" \/>\n<link rel=\"canonical\" href=\"https:\/\/kostaklinika.es\/aviso-legal\/\" \/>\n<meta property=\"og:locale\" content=\"eu_ES\" \/>\n<meta property=\"og:type\" content=\"article\" \/>\n<meta property=\"og:title\" content=\"Abisu legala - Kosta Hortz Klinika\" \/>\n<meta property=\"og:description\" content=\"Abisu legala &nbsp; Webgunearen jabetza intelektuala Copyright \u00a9 2021, Kosta Hortz Klinika, ustiapen-eskubide guztiak erreserbatuta daude. Webgunearen inguruko jabetza intelektualaren eskubideak, diseinu grafikoa eta kodeak Kosta Hortz Klinikaren titulartasunekoak dira. Aipaturiko enpresari dagokio ustiapen-eskubideak edozein modutan baliatzea, eta bereziki, erreprodukzio, banaketa, jendaurreko komunikazio eta eraldaketa eskubideak. Haren edukia partzialki kopiatzeko eskubidea eskaintzen da, betiere, jarraian [&hellip;]\" \/>\n<meta property=\"og:url\" content=\"https:\/\/kostaklinika.es\/aviso-legal\/\" \/>\n<meta property=\"og:site_name\" content=\"Kosta Hortz Klinika\" \/>\n<meta property=\"article:modified_time\" content=\"2021-05-27T09:25:40+00:00\" \/>\n<meta name=\"twitter:card\" content=\"summary_large_image\" \/>\n<meta name=\"twitter:label1\" content=\"Est. reading time\" \/>\n\t<meta name=\"twitter:data1\" content=\"3 minutes\" \/>\n<script type=\"application\/ld+json\" class=\"yoast-schema-graph\">{\"@context\":\"https:\/\/schema.org\",\"@graph\":[{\"@type\":\"WebPage\",\"@id\":\"https:\/\/kostaklinika.es\/aviso-legal\/\",\"url\":\"https:\/\/kostaklinika.es\/aviso-legal\/\",\"name\":\"Abisu legala - Kosta Hortz Klinika\",\"isPartOf\":{\"@id\":\"https:\/\/kostaklinika.es\/#website\"},\"datePublished\":\"2021-05-27T09:25:33+00:00\",\"dateModified\":\"2021-05-27T09:25:40+00:00\",\"breadcrumb\":{\"@id\":\"https:\/\/kostaklinika.es\/aviso-legal\/#breadcrumb\"},\"inLanguage\":\"eu-ES\",\"potentialAction\":[{\"@type\":\"ReadAction\",\"target\":[\"https:\/\/kostaklinika.es\/aviso-legal\/\"]}]},{\"@type\":\"BreadcrumbList\",\"@id\":\"https:\/\/kostaklinika.es\/aviso-legal\/#breadcrumb\",\"itemListElement\":[{\"@type\":\"ListItem\",\"position\":1,\"name\":\"Portada\",\"item\":\"https:\/\/kostaklinika.es\/\"},{\"@type\":\"ListItem\",\"position\":2,\"name\":\"Abisu legala\"}]},{\"@type\":\"WebSite\",\"@id\":\"https:\/\/kostaklinika.es\/#website\",\"url\":\"https:\/\/kostaklinika.es\/\",\"name\":\"Kosta Hortz Klinika\",\"description\":\"Cl\u00ednica dental\",\"potentialAction\":[{\"@type\":\"SearchAction\",\"target\":{\"@type\":\"EntryPoint\",\"urlTemplate\":\"https:\/\/kostaklinika.es\/?s={search_term_string}\"},\"query-input\":\"required name=search_term_string\"}],\"inLanguage\":\"eu-ES\"}]}<\/script>\n<!-- \/ Yoast SEO plugin. -->","yoast_head_json":{"title":"Abisu legala - Kosta Hortz Klinika","robots":{"index":"index","follow":"follow","max-snippet":"max-snippet:-1","max-image-preview":"max-image-preview:large","max-video-preview":"max-video-preview:-1"},"canonical":"https:\/\/kostaklinika.es\/aviso-legal\/","og_locale":"eu_ES","og_type":"article","og_title":"Abisu legala - Kosta Hortz Klinika","og_description":"Abisu legala &nbsp; Webgunearen jabetza intelektuala Copyright \u00a9 2021, Kosta Hortz Klinika, ustiapen-eskubide guztiak erreserbatuta daude. Webgunearen inguruko jabetza intelektualaren eskubideak, diseinu grafikoa eta kodeak Kosta Hortz Klinikaren titulartasunekoak dira. Aipaturiko enpresari dagokio ustiapen-eskubideak edozein modutan baliatzea, eta bereziki, erreprodukzio, banaketa, jendaurreko komunikazio eta eraldaketa eskubideak. Haren edukia partzialki kopiatzeko eskubidea eskaintzen da, betiere, jarraian [&hellip;]","og_url":"https:\/\/kostaklinika.es\/aviso-legal\/","og_site_name":"Kosta Hortz Klinika","article_modified_time":"2021-05-27T09:25:40+00:00","twitter_card":"summary_large_image","twitter_misc":{"Est. reading time":"3 minutes"},"schema":{"@context":"https:\/\/schema.org","@graph":[{"@type":"WebPage","@id":"https:\/\/kostaklinika.es\/aviso-legal\/","url":"https:\/\/kostaklinika.es\/aviso-legal\/","name":"Abisu legala - Kosta Hortz Klinika","isPartOf":{"@id":"https:\/\/kostaklinika.es\/#website"},"datePublished":"2021-05-27T09:25:33+00:00","dateModified":"2021-05-27T09:25:40+00:00","breadcrumb":{"@id":"https:\/\/kostaklinika.es\/aviso-legal\/#breadcrumb"},"inLanguage":"eu-ES","potentialAction":[{"@type":"ReadAction","target":["https:\/\/kostaklinika.es\/aviso-legal\/"]}]},{"@type":"BreadcrumbList","@id":"https:\/\/kostaklinika.es\/aviso-legal\/#breadcrumb","itemListElement":[{"@type":"ListItem","position":1,"name":"Portada","item":"https:\/\/kostaklinika.es\/"},{"@type":"ListItem","position":2,"name":"Abisu legala"}]},{"@type":"WebSite","@id":"https:\/\/kostaklinika.es\/#website","url":"https:\/\/kostaklinika.es\/","name":"Kosta Hortz Klinika","description":"Cl\u00ednica dental","potentialAction":[{"@type":"SearchAction","target":{"@type":"EntryPoint","urlTemplate":"https:\/\/kostaklinika.es\/?s={search_term_string}"},"query-input":"required name=search_term_string"}],"inLanguage":"eu-ES"}]}},"_links":{"self":[{"href":"https:\/\/kostaklinika.es\/eu\/wp-json\/wp\/v2\/pages\/793"}],"collection":[{"href":"https:\/\/kostaklinika.es\/eu\/wp-json\/wp\/v2\/pages"}],"about":[{"href":"https:\/\/kostaklinika.es\/eu\/wp-json\/wp\/v2\/types\/page"}],"author":[{"embeddable":true,"href":"https:\/\/kostaklinika.es\/eu\/wp-json\/wp\/v2\/users\/1"}],"replies":[{"embeddable":true,"href":"https:\/\/kostaklinika.es\/eu\/wp-json\/wp\/v2\/comments?post=793"}],"version-history":[{"count":2,"href":"https:\/\/kostaklinika.es\/eu\/wp-json\/wp\/v2\/pages\/793\/revisions"}],"predecessor-version":[{"id":796,"href":"https:\/\/kostaklinika.es\/eu\/wp-json\/wp\/v2\/pages\/793\/revisions\/796"}],"wp:attachment":[{"href":"https:\/\/kostaklinika.es\/eu\/wp-json\/wp\/v2\/media?parent=793"}],"curies":[{"name":"wp","href":"https:\/\/api.w.org\/{rel}","templated":true}]}}